{"id":238,"date":"2015-10-15T13:48:39","date_gmt":"2015-10-15T13:48:39","guid":{"rendered":"http:\/\/wpoffice\/construction\/?page_id=2"},"modified":"2023-03-04T12:27:21","modified_gmt":"2023-03-04T09:27:21","slug":"hizmetlerimiz","status":"publish","type":"page","link":"https:\/\/mertyapi.net.tr\/index.php\/hizmetlerimiz\/","title":{"rendered":"Hizmetlerimiz"},"content":{"rendered":"\n<style type=\"text\/css\" data-created_by=\"avia_inline_auto\" id=\"style-css-av-letrff9h-d7e9efd2cf061b3b77d3206e6473badc\">\n.avia-section.av-letrff9h-d7e9efd2cf061b3b77d3206e6473badc{\nbackground-repeat:no-repeat;\nbackground-image:url(https:\/\/mertyapi.net.tr\/wp-content\/uploads\/2015\/10\/cropped-hand-of-a-carpenter-300x200.jpg);\nbackground-position:0% 0%;\nbackground-attachment:scroll;\n}\n<\/style>\n<div id='av_section_1'  class='avia-section av-letrff9h-d7e9efd2cf061b3b77d3206e6473badc main_color avia-section-default avia-no-border-styling  avia-builder-el-0  el_before_av_portfolio  avia-builder-el-first  avia-full-stretch avia-bg-style-scroll container_wrap sidebar_right'  data-section-bg-repeat='stretch'><div class='container av-section-cont-open' ><main  role=\"main\" itemprop=\"mainContentOfPage\"  class='template-page content  av-content-small alpha units'><div class='post-entry post-entry-type-page post-entry-238'><div class='entry-content-wrapper clearfix'>\n\n<style type=\"text\/css\" data-created_by=\"avia_inline_auto\" id=\"style-css-av-letrdfp1-fc1b79d3edcb78516e3cf58804892564\">\n#top .av-special-heading.av-letrdfp1-fc1b79d3edcb78516e3cf58804892564{\npadding-bottom:10px;\ncolor:#ffffff;\n}\nbody .av-special-heading.av-letrdfp1-fc1b79d3edcb78516e3cf58804892564 .av-special-heading-tag .heading-char{\nfont-size:25px;\n}\n.av-special-heading.av-letrdfp1-fc1b79d3edcb78516e3cf58804892564 .special-heading-inner-border{\nborder-color:#ffffff;\n}\n.av-special-heading.av-letrdfp1-fc1b79d3edcb78516e3cf58804892564 .av-subheading{\nfont-size:15px;\n}\n<\/style>\n<div  class='av-special-heading av-letrdfp1-fc1b79d3edcb78516e3cf58804892564 av-special-heading-h1 custom-color-heading blockquote modern-quote modern-centered  avia-builder-el-1  avia-builder-el-no-sibling '><h1 class='av-special-heading-tag'  itemprop=\"headline\"  >Hizmetlerimiz<\/h1><div class=\"special-heading-border\"><div class=\"special-heading-inner-border\"><\/div><\/div><\/div>\n<div  id=\"av-sc-portfolio-1\"  class=\"av-portfolio-grid-sorting-container\"><div class='sort_width_container  av-sort-yes' data-portfolio-id='1' ><div id='js_sort_items' ><div class='sort_by_cat hidden'><a href=\"#\" data-filter=\"all_sort\" class=\"all_sort_button active_sort\"><span class=\"inner_sort_button\"><span>All<\/span><small class=\"av-cat-count\"> 4 <\/small><\/span><\/a><span class=\"text-sep interior_sort_sep\">\/<\/span><a href=\"#\" data-filter=\"interior_sort\" class=\"interior_sort_button\" ><span class=\"inner_sort_button\"><span>hizmetlerimiz<\/span><small class=\"av-cat-count\"> 4 <\/small><\/span><\/a><\/div><\/div><\/div><div  class=' grid-sort-container isotope   no_margin-container with-title-container grid-total-even grid-col-4 grid-links-' data-portfolio-id='1'><div data-ajax-id='106' class=' grid-entry flex_column isotope-item all_sort no_margin post-entry post-entry-106 grid-entry-overview grid-loop-1 grid-parity-odd  interior_sort  av_one_fourth first default_av_fullwidth '><article class='main_color inner-entry'  itemscope=\"itemscope\" itemtype=\"https:\/\/schema.org\/CreativeWork\" ><a href=\"https:\/\/mertyapi.net.tr\/index.php\/portfolio-item\/risklibinatespiti\/\" title='Riskli Bina Tespiti'  data-rel='grid-1' class='grid-image avia-hover-fx'> <img decoding=\"async\" width=\"260\" height=\"185\" src=\"https:\/\/mertyapi.net.tr\/wp-content\/uploads\/2015\/10\/urban-development-260x185.jpg\" class=\"wp-image-85 avia-img-lazy-loading-not-85 attachment-portfolio_small size-portfolio_small wp-post-image\" alt=\"\" \/><\/a><div class='grid-content'><div class='avia-arrow'><\/div><header class=\"entry-content-header\"><h3 class='grid-entry-title entry-title '  itemprop=\"headline\" ><a href='https:\/\/mertyapi.net.tr\/index.php\/portfolio-item\/risklibinatespiti\/' title='Riskli Bina Tespiti'>Riskli Bina Tespiti<\/a><\/h3><\/header><\/div><footer class=\"entry-footer\"><\/footer><\/article><\/div><div data-ajax-id='105' class=' grid-entry flex_column isotope-item all_sort no_margin post-entry post-entry-105 grid-entry-overview grid-loop-2 grid-parity-even  interior_sort  av_one_fourth  default_av_fullwidth '><article class='main_color inner-entry'  itemscope=\"itemscope\" itemtype=\"https:\/\/schema.org\/CreativeWork\" ><a href=\"https:\/\/mertyapi.net.tr\/index.php\/portfolio-item\/kentsel-donusum\/\" title='Kentsel D\u00f6n\u00fc\u015f\u00fcm'  data-rel='grid-1' class='grid-image avia-hover-fx'> <img decoding=\"async\" width=\"260\" height=\"185\" src=\"https:\/\/mertyapi.net.tr\/wp-content\/uploads\/2015\/10\/kentseldonusum-260x185.jpg\" class=\"wp-image-334 avia-img-lazy-loading-not-334 attachment-portfolio_small size-portfolio_small wp-post-image\" alt=\"\" \/><\/a><div class='grid-content'><div class='avia-arrow'><\/div><header class=\"entry-content-header\"><h3 class='grid-entry-title entry-title '  itemprop=\"headline\" ><a href='https:\/\/mertyapi.net.tr\/index.php\/portfolio-item\/kentsel-donusum\/' title='Kentsel D\u00f6n\u00fc\u015f\u00fcm'>Kentsel D\u00f6n\u00fc\u015f\u00fcm<\/a><\/h3><\/header><\/div><footer class=\"entry-footer\"><\/footer><\/article><\/div><div data-ajax-id='103' class=' grid-entry flex_column isotope-item all_sort no_margin post-entry post-entry-103 grid-entry-overview grid-loop-3 grid-parity-odd  interior_sort  av_one_fourth  default_av_fullwidth '><article class='main_color inner-entry'  itemscope=\"itemscope\" itemtype=\"https:\/\/schema.org\/CreativeWork\" ><a href=\"https:\/\/mertyapi.net.tr\/index.php\/portfolio-item\/deprem-risk-raporu\/\" title='Deprem Risk Raporu'  data-rel='grid-1' class='grid-image avia-hover-fx'> <img decoding=\"async\" width=\"260\" height=\"185\" src=\"https:\/\/mertyapi.net.tr\/wp-content\/uploads\/2015\/10\/deprem-260x185.jpg\" class=\"wp-image-330 avia-img-lazy-loading-not-330 attachment-portfolio_small size-portfolio_small wp-post-image\" alt=\"\" \/><\/a><div class='grid-content'><div class='avia-arrow'><\/div><header class=\"entry-content-header\"><h3 class='grid-entry-title entry-title '  itemprop=\"headline\" ><a href='https:\/\/mertyapi.net.tr\/index.php\/portfolio-item\/deprem-risk-raporu\/' title='Deprem Risk Raporu'>Deprem Risk Raporu<\/a><\/h3><\/header><\/div><footer class=\"entry-footer\"><\/footer><\/article><\/div><div data-ajax-id='94' class=' grid-entry flex_column isotope-item all_sort no_margin post-entry post-entry-94 grid-entry-overview grid-loop-4 grid-parity-even  post-entry-last  interior_sort  av_one_fourth  default_av_fullwidth '><article class='main_color inner-entry'  itemscope=\"itemscope\" itemtype=\"https:\/\/schema.org\/CreativeWork\" ><a href=\"https:\/\/mertyapi.net.tr\/index.php\/portfolio-item\/binaguclendirme\/\" title='Bina G\u00fc\u00e7lendirme'  data-rel='grid-1' class='grid-image avia-hover-fx'> <img decoding=\"async\" width=\"260\" height=\"185\" src=\"https:\/\/mertyapi.net.tr\/wp-content\/uploads\/2015\/10\/betornermeguclendirme-260x185.jpg\" class=\"wp-image-317 avia-img-lazy-loading-not-317 attachment-portfolio_small size-portfolio_small wp-post-image\" alt=\"\" \/><\/a><div class='grid-content'><div class='avia-arrow'><\/div><header class=\"entry-content-header\"><h3 class='grid-entry-title entry-title '  itemprop=\"headline\" ><a href='https:\/\/mertyapi.net.tr\/index.php\/portfolio-item\/binaguclendirme\/' title='Bina G\u00fc\u00e7lendirme'>Bina G\u00fc\u00e7lendirme<\/a><\/h3><\/header><\/div><footer class=\"entry-footer\"><\/footer><\/article><\/div><\/div><\/div>   <!--   class=\"av-portfolio-grid-sorting-container\"  --><div class='pagination-wrap  '><nav class='pagination'><span class='pagination-meta'>Page 1 of 0<\/span><\/nav>\n<\/div><\/p>\n","protected":false},"excerpt":{"rendered":"","protected":false},"author":1,"featured_media":0,"parent":0,"menu_order":0,"comment_status":"closed","ping_status":"closed","template":"","meta":{"footnotes":""},"class_list":["post-238","page","type-page","status-publish","hentry"],"_links":{"self":[{"href":"https:\/\/mertyapi.net.tr\/index.php\/wp-json\/wp\/v2\/pages\/238","targetHints":{"allow":["GET"]}}],"collection":[{"href":"https:\/\/mertyapi.net.tr\/index.php\/wp-json\/wp\/v2\/pages"}],"about":[{"href":"https:\/\/mertyapi.net.tr\/index.php\/wp-json\/wp\/v2\/types\/page"}],"author":[{"embeddable":true,"href":"https:\/\/mertyapi.net.tr\/index.php\/wp-json\/wp\/v2\/users\/1"}],"replies":[{"embeddable":true,"href":"https:\/\/mertyapi.net.tr\/index.php\/wp-json\/wp\/v2\/comments?post=238"}],"version-history":[{"count":12,"href":"https:\/\/mertyapi.net.tr\/index.php\/wp-json\/wp\/v2\/pages\/238\/revisions"}],"predecessor-version":[{"id":375,"href":"https:\/\/mertyapi.net.tr\/index.php\/wp-json\/wp\/v2\/pages\/238\/revisions\/375"}],"wp:attachment":[{"href":"https:\/\/mertyapi.net.tr\/index.php\/wp-json\/wp\/v2\/media?parent=238"}],"curies":[{"name":"wp","href":"https:\/\/api.w.org\/{rel}","templated":true}]}}