{"id":23,"date":"2015-10-15T15:32:40","date_gmt":"2015-10-15T15:32:40","guid":{"rendered":"http:\/\/wpoffice\/construction\/?page_id=23"},"modified":"2024-09-09T16:14:56","modified_gmt":"2024-09-09T13:14:56","slug":"irtibat","status":"publish","type":"page","link":"https:\/\/mertyapi.net.tr\/index.php\/irtibat\/","title":{"rendered":"\u0130leti\u015fim"},"content":{"rendered":"\n<style type=\"text\/css\" data-created_by=\"avia_inline_auto\" id=\"style-css-av-416mz-f5b7bde0f69fc365fb564ccf48c3a286\">\n.flex_column.av-416mz-f5b7bde0f69fc365fb564ccf48c3a286{\nborder-radius:0px 0px 0px 0px;\n-webkit-border-radius:0px 0px 0px 0px;\n-moz-border-radius:0px 0px 0px 0px;\n}\n<\/style>\n<div class='flex_column av-416mz-f5b7bde0f69fc365fb564ccf48c3a286 av_one_half  avia-builder-el-0  el_before_av_one_half  avia-builder-el-first  first flex_column_div  av-animated-generic bottom-to-top av-zero-column-padding '   ><style type=\"text\/css\" data-created_by=\"avia_inline_auto\" id=\"style-css-av-letp5rs5-409f88b9e79ff6c50b9b5cdf12a361c0\">\n.avia-image-container.av-letp5rs5-409f88b9e79ff6c50b9b5cdf12a361c0 .av-image-caption-overlay-center{\ncolor:#ffffff;\n}\n<\/style>\n<div  class='avia-image-container av-letp5rs5-409f88b9e79ff6c50b9b5cdf12a361c0 av-styling- avia-align-center  avia-builder-el-1  avia-builder-el-no-sibling '  itemprop=\"image\" itemscope=\"itemscope\" itemtype=\"https:\/\/schema.org\/ImageObject\" ><div class=\"avia-image-container-inner\"><div class=\"avia-image-overlay-wrap\"><img decoding=\"async\" class='wp-image-300 avia-img-lazy-loading-not-300 avia_image' src=\"https:\/\/mertyapi.net.tr\/wp-content\/uploads\/2023\/03\/mertlogo2.png\" alt='' title='mertlogo2'  height=\"212\" width=\"292\"  itemprop=\"thumbnailUrl\"  \/><\/div><\/div><\/div><\/div>\n\n<style type=\"text\/css\" data-created_by=\"avia_inline_auto\" id=\"style-css-av-92b8n-2767f959470ff4a7d22aa07e8ab0a32c\">\n.flex_column.av-92b8n-2767f959470ff4a7d22aa07e8ab0a32c{\nborder-radius:0px 0px 0px 0px;\n-webkit-border-radius:0px 0px 0px 0px;\n-moz-border-radius:0px 0px 0px 0px;\n}\n<\/style>\n<div class='flex_column av-92b8n-2767f959470ff4a7d22aa07e8ab0a32c av_one_half  avia-builder-el-2  el_after_av_one_half  el_before_av_one_fifth  flex_column_div  av-animated-generic bottom-to-top av-zero-column-padding '   ><section  class='av_textblock_section av-q2fz-869da165427aeef46b22d887efea12a8'  itemscope=\"itemscope\" itemtype=\"https:\/\/schema.org\/CreativeWork\" ><div class='av-small-hide avia_textblock'  itemprop=\"text\" ><p><b>Yamanevler mahallesi , B\u0131ld\u0131rc\u0131n sk. No:56\/5<\/b><\/p>\n<p>\u00dcmraniye \/ \u0130STANBUL<\/p>\n<p>Tel:\u00a0 <a href=\"tel:05303892837\">0530 389 28\u00a037<\/a><\/p>\n<p><a href=\"mailto:info@mertyapi.net.tr\">info@mertyapi.net.tr<\/a><\/p>\n<p><strong>\u00c7al\u0131\u015fma Saatlerimiz:<\/strong><br \/>\nHafta i\u00e7i: 8:00-19:00<br \/>\nCumartesi: 8:00-14:00<br \/>\nPazar: Kapal\u0131<\/p>\n<\/div><\/section><\/div>\n<div class='flex_column av-ty6j-5e32037ecb9233dd5d567a5ae476690b av_one_fifth  avia-builder-el-4  el_after_av_one_half  el_before_av_fullscreen  avia-builder-el-last  first flex_column_div column-top-margin'   ><\/div>\n<\/div><\/div><\/div><!-- close content main div --><\/div><\/div><div   class='avia-fullscreen-slider main_color   avia-builder-el-5  el_after_av_one_fifth  el_before_av_textblock  slider-not-first container_wrap sidebar_right'  ><\/div><div id='after_full_slider_1'  class='main_color av_default_container_wrap container_wrap sidebar_right'  ><div class='container av-section-cont-open' ><div class='template-page content  av-content-small alpha units'><div class='post-entry post-entry-type-page post-entry-23'><div class='entry-content-wrapper clearfix'>\n<section  class='av_textblock_section av-letoxm2z-d1b681fa5c4516293ab2108fa1c01f6b'  itemscope=\"itemscope\" itemtype=\"https:\/\/schema.org\/CreativeWork\" ><div class='avia_textblock'  itemprop=\"text\" ><p>https:\/\/www.google.com\/maps\/place\/Yamanevler,+B%C4%B1ld%C4%B1rc%C4%B1n+Soka%C4%9F%C4%B1+No:56,+34768+%C3%9Cmraniye%2F%C4%B0stanbul\/@41.0277936,29.0967475,19z\/data=!3m1!4b1!4m9!1m2!2m1!1smert+yap%C4%B1+riskli+yap%C4%B1+tespiti!3m5!1s0x14cac8f98c03de47:0x1814badc6564bbbe!8m2!3d41.0277926!4d29.0979652!16s%2Fg%2F11q2n75dqp?entry=ttu&#038;g_ep=EgoyMDI0MDkwNC4wIKXMDSoASAFQAw%3D%3D<\/p>\n<\/div><\/section>\n","protected":false},"excerpt":{"rendered":"","protected":false},"author":1,"featured_media":0,"parent":0,"menu_order":0,"comment_status":"closed","ping_status":"closed","template":"","meta":{"footnotes":""},"class_list":["post-23","page","type-page","status-publish","hentry"],"_links":{"self":[{"href":"https:\/\/mertyapi.net.tr\/index.php\/wp-json\/wp\/v2\/pages\/23","targetHints":{"allow":["GET"]}}],"collection":[{"href":"https:\/\/mertyapi.net.tr\/index.php\/wp-json\/wp\/v2\/pages"}],"about":[{"href":"https:\/\/mertyapi.net.tr\/index.php\/wp-json\/wp\/v2\/types\/page"}],"author":[{"embeddable":true,"href":"https:\/\/mertyapi.net.tr\/index.php\/wp-json\/wp\/v2\/users\/1"}],"replies":[{"embeddable":true,"href":"https:\/\/mertyapi.net.tr\/index.php\/wp-json\/wp\/v2\/comments?post=23"}],"version-history":[{"count":22,"href":"https:\/\/mertyapi.net.tr\/index.php\/wp-json\/wp\/v2\/pages\/23\/revisions"}],"predecessor-version":[{"id":469,"href":"https:\/\/mertyapi.net.tr\/index.php\/wp-json\/wp\/v2\/pages\/23\/revisions\/469"}],"wp:attachment":[{"href":"https:\/\/mertyapi.net.tr\/index.php\/wp-json\/wp\/v2\/media?parent=23"}],"curies":[{"name":"wp","href":"https:\/\/api.w.org\/{rel}","templated":true}]}}