{"id":135,"date":"2015-10-22T15:31:25","date_gmt":"2015-10-22T15:31:25","guid":{"rendered":"http:\/\/test.kriesi.at\/construction\/?page_id=135"},"modified":"2023-03-04T12:40:12","modified_gmt":"2023-03-04T09:40:12","slug":"kurumsal","status":"publish","type":"page","link":"https:\/\/mertyapi.net.tr\/index.php\/home\/kurumsal\/","title":{"rendered":"Kurumsal"},"content":{"rendered":"\n<style type=\"text\/css\" data-created_by=\"avia_inline_auto\" id=\"style-css-av-3d4wdz-714f4df063767cc74cb080f9cc059f96\">\n#top .flex_column.av-3d4wdz-714f4df063767cc74cb080f9cc059f96{\nmargin-top:0px;\nmargin-bottom:0px;\n}\n.flex_column.av-3d4wdz-714f4df063767cc74cb080f9cc059f96{\nborder-radius:0px 0px 0px 0px;\n-webkit-border-radius:0px 0px 0px 0px;\n-moz-border-radius:0px 0px 0px 0px;\n}\n.responsive #top #wrap_all .flex_column.av-3d4wdz-714f4df063767cc74cb080f9cc059f96{\nmargin-top:0px;\nmargin-bottom:0px;\n}\n<\/style>\n<div class='flex_column av-3d4wdz-714f4df063767cc74cb080f9cc059f96 av_one_full  avia-builder-el-0  el_before_av_one_full  avia-builder-el-first  first flex_column_div  av-animated-generic bottom-to-top av-zero-column-padding '   ><p>\n<style type=\"text\/css\" data-created_by=\"avia_inline_auto\" id=\"style-css-av-3899uv-80c4ac5bce3bbbb331c0b0682a3234ad\">\n#top .av-special-heading.av-3899uv-80c4ac5bce3bbbb331c0b0682a3234ad{\npadding-bottom:0px;\n}\nbody .av-special-heading.av-3899uv-80c4ac5bce3bbbb331c0b0682a3234ad .av-special-heading-tag .heading-char{\nfont-size:25px;\n}\n.av-special-heading.av-3899uv-80c4ac5bce3bbbb331c0b0682a3234ad .av-subheading{\nfont-size:15px;\n}\n<\/style>\n<div  class='av-special-heading av-3899uv-80c4ac5bce3bbbb331c0b0682a3234ad av-special-heading-h2 blockquote modern-quote  avia-builder-el-1  el_before_av_hr  avia-builder-el-first '><h2 class='av-special-heading-tag'  itemprop=\"headline\"  >Kurumsal<\/h2><div class=\"special-heading-border\"><div class=\"special-heading-inner-border\"><\/div><\/div><\/div><br \/>\n\n<style type=\"text\/css\" data-created_by=\"avia_inline_auto\" id=\"style-css-av-317mon-612d73d94563dcfcb4f213859dfc83eb\">\n#top .hr.av-317mon-612d73d94563dcfcb4f213859dfc83eb{\nmargin-top:10px;\nmargin-bottom:10px;\n}\n.hr.av-317mon-612d73d94563dcfcb4f213859dfc83eb .hr-inner{\nwidth:50px;\nborder-color:#efbb20;\n}\n<\/style>\n<div  class='hr av-317mon-612d73d94563dcfcb4f213859dfc83eb hr-custom  avia-builder-el-2  el_after_av_heading  avia-builder-el-last  hr-left hr-icon-no'><span class='hr-inner inner-border-av-border-fat'><span class=\"hr-inner-style\"><\/span><\/span><\/div><\/p><\/div>\n<style type=\"text\/css\" data-created_by=\"avia_inline_auto\" id=\"style-css-av-2x2ytz-44643778ed8a56c91a21dcefeae93889\">\n#top .flex_column.av-2x2ytz-44643778ed8a56c91a21dcefeae93889{\nmargin-top:0px;\nmargin-bottom:0px;\n}\n.flex_column.av-2x2ytz-44643778ed8a56c91a21dcefeae93889{\nborder-radius:0px 0px 0px 0px;\n-webkit-border-radius:0px 0px 0px 0px;\n-moz-border-radius:0px 0px 0px 0px;\n}\n.responsive #top #wrap_all .flex_column.av-2x2ytz-44643778ed8a56c91a21dcefeae93889{\nmargin-top:0px;\nmargin-bottom:0px;\n}\n<\/style>\n<div class='flex_column av-2x2ytz-44643778ed8a56c91a21dcefeae93889 av_one_full  avia-builder-el-3  el_after_av_one_full  el_before_av_one_full  first flex_column_div  av-animated-generic bottom-to-top av-zero-column-padding column-top-margin'   ><section  class='av_textblock_section av-2pocu7-309559df54e26dfefb254c5247393bab'  itemscope=\"itemscope\" itemtype=\"https:\/\/schema.org\/CreativeWork\" ><div class='avia_textblock'  itemprop=\"text\" ><p><strong>Hakk\u0131m\u0131zda<\/strong><\/p>\n<p>2021 y\u0131l\u0131nda kurulan MERT YAPI kurucusu ve Genel M\u00fcd\u00fcr\u00fc Mert Can \u00c7ALI\u015e ve farkl\u0131 meslek gruplar\u0131n\u0131 bar\u0131nd\u0131ran gen\u00e7 kadrosu ile \u015eehir Planlama, Kentsel D\u00f6n\u00fc\u015f\u00fcm, Laboratuvar, Gayrimenkul De\u011ferleme, Mimari Proje \u00a0gibi bir\u00e7ok alanda faaliyet g\u00f6stermektedir.<\/p>\n<p>Verimlilik, s\u00fcreklilik ve s\u00fcratlilik prensiplerini ilke edinen MERT YAPI, kentsel ya\u015fam kalitesini artt\u0131rmay\u0131 ve insan odakl\u0131 s\u00fcrd\u00fcr\u00fclebilir \u015fehirler olu\u015fturmaya yard\u0131m\u0131 ama\u00e7 edinmi\u015ftir.<\/p>\n<\/div><\/section><\/div>\n<style type=\"text\/css\" data-created_by=\"avia_inline_auto\" id=\"style-css-av-gt073-222ab374c7745231303aa78e36daf374\">\n#top .flex_column.av-gt073-222ab374c7745231303aa78e36daf374{\nmargin-top:0px;\nmargin-bottom:0px;\n}\n.flex_column.av-gt073-222ab374c7745231303aa78e36daf374{\nborder-radius:0px 0px 0px 0px;\n-webkit-border-radius:0px 0px 0px 0px;\n-moz-border-radius:0px 0px 0px 0px;\n}\n.responsive #top #wrap_all .flex_column.av-gt073-222ab374c7745231303aa78e36daf374{\nmargin-top:0px;\nmargin-bottom:0px;\n}\n<\/style>\n<div class='flex_column av-gt073-222ab374c7745231303aa78e36daf374 av_one_full  avia-builder-el-5  el_after_av_one_full  avia-builder-el-last  first flex_column_div  av-animated-generic bottom-to-top av-zero-column-padding column-top-margin'   ><div  id=\"av-sc-portfolio-1\"  class=\"av-portfolio-grid-sorting-container\"><div class='sort_width_container  av-sort-yes' data-portfolio-id='1' ><div id='js_sort_items' ><div class='sort_by_cat hidden'><a href=\"#\" data-filter=\"all_sort\" class=\"all_sort_button active_sort\"><span class=\"inner_sort_button\"><span>All<\/span><small class=\"av-cat-count\"> 4 <\/small><\/span><\/a><span class=\"text-sep interior_sort_sep\">\/<\/span><a href=\"#\" data-filter=\"interior_sort\" class=\"interior_sort_button\" ><span class=\"inner_sort_button\"><span>hizmetlerimiz<\/span><small class=\"av-cat-count\"> 4 <\/small><\/span><\/a><\/div><\/div><\/div><div  class=' grid-sort-container isotope   no_margin-container with-title-container grid-total-even grid-col-4 grid-links-' data-portfolio-id='1'><div data-ajax-id='106' class=' grid-entry flex_column isotope-item all_sort no_margin post-entry post-entry-106 grid-entry-overview grid-loop-1 grid-parity-odd  interior_sort  av_one_fourth first default_av_fullwidth '><article class='main_color inner-entry'  itemscope=\"itemscope\" itemtype=\"https:\/\/schema.org\/CreativeWork\" ><a href=\"https:\/\/mertyapi.net.tr\/index.php\/portfolio-item\/risklibinatespiti\/\" title='Riskli Bina Tespiti'  data-rel='grid-1' class='grid-image avia-hover-fx'> <img decoding=\"async\" width=\"260\" height=\"185\" src=\"https:\/\/mertyapi.net.tr\/wp-content\/uploads\/2015\/10\/urban-development-260x185.jpg\" class=\"wp-image-85 avia-img-lazy-loading-not-85 attachment-portfolio_small size-portfolio_small wp-post-image\" alt=\"\" \/><\/a><div class='grid-content'><div class='avia-arrow'><\/div><header class=\"entry-content-header\"><h3 class='grid-entry-title entry-title '  itemprop=\"headline\" ><a href='https:\/\/mertyapi.net.tr\/index.php\/portfolio-item\/risklibinatespiti\/' title='Riskli Bina Tespiti'>Riskli Bina Tespiti<\/a><\/h3><\/header><\/div><footer class=\"entry-footer\"><\/footer><\/article><\/div><div data-ajax-id='105' class=' grid-entry flex_column isotope-item all_sort no_margin post-entry post-entry-105 grid-entry-overview grid-loop-2 grid-parity-even  interior_sort  av_one_fourth  default_av_fullwidth '><article class='main_color inner-entry'  itemscope=\"itemscope\" itemtype=\"https:\/\/schema.org\/CreativeWork\" ><a href=\"https:\/\/mertyapi.net.tr\/index.php\/portfolio-item\/kentsel-donusum\/\" title='Kentsel D\u00f6n\u00fc\u015f\u00fcm'  data-rel='grid-1' class='grid-image avia-hover-fx'> <img decoding=\"async\" width=\"260\" height=\"185\" src=\"https:\/\/mertyapi.net.tr\/wp-content\/uploads\/2015\/10\/kentseldonusum-260x185.jpg\" class=\"wp-image-334 avia-img-lazy-loading-not-334 attachment-portfolio_small size-portfolio_small wp-post-image\" alt=\"\" \/><\/a><div class='grid-content'><div class='avia-arrow'><\/div><header class=\"entry-content-header\"><h3 class='grid-entry-title entry-title '  itemprop=\"headline\" ><a href='https:\/\/mertyapi.net.tr\/index.php\/portfolio-item\/kentsel-donusum\/' title='Kentsel D\u00f6n\u00fc\u015f\u00fcm'>Kentsel D\u00f6n\u00fc\u015f\u00fcm<\/a><\/h3><\/header><\/div><footer class=\"entry-footer\"><\/footer><\/article><\/div><div data-ajax-id='103' class=' grid-entry flex_column isotope-item all_sort no_margin post-entry post-entry-103 grid-entry-overview grid-loop-3 grid-parity-odd  interior_sort  av_one_fourth  default_av_fullwidth '><article class='main_color inner-entry'  itemscope=\"itemscope\" itemtype=\"https:\/\/schema.org\/CreativeWork\" ><a href=\"https:\/\/mertyapi.net.tr\/index.php\/portfolio-item\/deprem-risk-raporu\/\" title='Deprem Risk Raporu'  data-rel='grid-1' class='grid-image avia-hover-fx'> <img decoding=\"async\" width=\"260\" height=\"185\" src=\"https:\/\/mertyapi.net.tr\/wp-content\/uploads\/2015\/10\/deprem-260x185.jpg\" class=\"wp-image-330 avia-img-lazy-loading-not-330 attachment-portfolio_small size-portfolio_small wp-post-image\" alt=\"\" \/><\/a><div class='grid-content'><div class='avia-arrow'><\/div><header class=\"entry-content-header\"><h3 class='grid-entry-title entry-title '  itemprop=\"headline\" ><a href='https:\/\/mertyapi.net.tr\/index.php\/portfolio-item\/deprem-risk-raporu\/' title='Deprem Risk Raporu'>Deprem Risk Raporu<\/a><\/h3><\/header><\/div><footer class=\"entry-footer\"><\/footer><\/article><\/div><div data-ajax-id='94' class=' grid-entry flex_column isotope-item all_sort no_margin post-entry post-entry-94 grid-entry-overview grid-loop-4 grid-parity-even  post-entry-last  interior_sort  av_one_fourth  default_av_fullwidth '><article class='main_color inner-entry'  itemscope=\"itemscope\" itemtype=\"https:\/\/schema.org\/CreativeWork\" ><a href=\"https:\/\/mertyapi.net.tr\/index.php\/portfolio-item\/binaguclendirme\/\" title='Bina G\u00fc\u00e7lendirme'  data-rel='grid-1' class='grid-image avia-hover-fx'> <img decoding=\"async\" width=\"260\" height=\"185\" src=\"https:\/\/mertyapi.net.tr\/wp-content\/uploads\/2015\/10\/betornermeguclendirme-260x185.jpg\" class=\"wp-image-317 avia-img-lazy-loading-not-317 attachment-portfolio_small size-portfolio_small wp-post-image\" alt=\"\" \/><\/a><div class='grid-content'><div class='avia-arrow'><\/div><header class=\"entry-content-header\"><h3 class='grid-entry-title entry-title '  itemprop=\"headline\" ><a href='https:\/\/mertyapi.net.tr\/index.php\/portfolio-item\/binaguclendirme\/' title='Bina G\u00fc\u00e7lendirme'>Bina G\u00fc\u00e7lendirme<\/a><\/h3><\/header><\/div><footer class=\"entry-footer\"><\/footer><\/article><\/div><\/div><\/div>   <!--   class=\"av-portfolio-grid-sorting-container\"  --><\/div><\/p>\n","protected":false},"excerpt":{"rendered":"","protected":false},"author":1,"featured_media":0,"parent":19,"menu_order":0,"comment_status":"closed","ping_status":"closed","template":"","meta":{"footnotes":""},"class_list":["post-135","page","type-page","status-publish","hentry"],"_links":{"self":[{"href":"https:\/\/mertyapi.net.tr\/index.php\/wp-json\/wp\/v2\/pages\/135","targetHints":{"allow":["GET"]}}],"collection":[{"href":"https:\/\/mertyapi.net.tr\/index.php\/wp-json\/wp\/v2\/pages"}],"about":[{"href":"https:\/\/mertyapi.net.tr\/index.php\/wp-json\/wp\/v2\/types\/page"}],"author":[{"embeddable":true,"href":"https:\/\/mertyapi.net.tr\/index.php\/wp-json\/wp\/v2\/users\/1"}],"replies":[{"embeddable":true,"href":"https:\/\/mertyapi.net.tr\/index.php\/wp-json\/wp\/v2\/comments?post=135"}],"version-history":[{"count":7,"href":"https:\/\/mertyapi.net.tr\/index.php\/wp-json\/wp\/v2\/pages\/135\/revisions"}],"predecessor-version":[{"id":392,"href":"https:\/\/mertyapi.net.tr\/index.php\/wp-json\/wp\/v2\/pages\/135\/revisions\/392"}],"up":[{"embeddable":true,"href":"https:\/\/mertyapi.net.tr\/index.php\/wp-json\/wp\/v2\/pages\/19"}],"wp:attachment":[{"href":"https:\/\/mertyapi.net.tr\/index.php\/wp-json\/wp\/v2\/media?parent=135"}],"curies":[{"name":"wp","href":"https:\/\/api.w.org\/{rel}","templated":true}]}}